{"id":2,"date":"2014-10-06T20:27:40","date_gmt":"2014-10-06T20:27:40","guid":{"rendered":"http:\/\/aaaseed.com\/?page_id=2"},"modified":"2026-01-17T18:56:04","modified_gmt":"2026-01-17T16:56:04","slug":"page-d-exemple","status":"publish","type":"page","link":"https:\/\/aaaseed.org\/fr\/","title":{"rendered":"AAASeed"},"content":{"rendered":"<div data-elementor-type=\"wp-page\" data-elementor-id=\"2\" class=\"elementor elementor-2\" data-elementor-post-type=\"page\">\n\t\t\t\t\t\t<section class=\"elementor-section elementor-top-section elementor-element elementor-element-3e8ff033 elementor-section-boxed elementor-section-height-default elementor-section-height-default\" data-id=\"3e8ff033\" data-element_type=\"section\">\n\t\t\t\t\t\t<div class=\"elementor-container elementor-column-gap-default\">\n\t\t\t\t\t<div class=\"elementor-column elementor-col-100 elementor-top-column elementor-element elementor-element-5f8c9a5d\" data-id=\"5f8c9a5d\" data-element_type=\"column\">\n\t\t\t<div class=\"elementor-widget-wrap elementor-element-populated\">\n\t\t\t\t\t\t<div class=\"elementor-element elementor-element-146f002a elementor-widget elementor-widget-text-editor\" data-id=\"146f002a\" data-element_type=\"widget\" data-widget_type=\"text-editor.default\">\n\t\t\t\t<div class=\"elementor-widget-container\">\n\t\t\t\t\t\t\t\t\t\n<p class=\"has-medium-font-size\"><strong>Bienvenue \u00e0 AAASeed<\/strong>: <strong>un <strong>outil de construction<\/strong><\/strong> <strong>virtuel temps r\u00e9el<\/strong><\/p>\n\n<p>D\u00e9couvrez <strong>AAASeed<\/strong>, un moteur polyvalent 2D\/3D temps r\u00e9el, cr\u00e9\u00e9, d\u00e9velopp\u00e9 et utilis\u00e9 par M\u00e2a (Emmanuel M\u00e2a Berriet) depuis le si\u00e8cle dernier. Notre projet open-source est con\u00e7u pour produire des installations de diverses complexit\u00e9s et tailles.<\/p>\n\n<p>Soutenu par un financement europ\u00e9en pour devenir Open Source (<strong><a href=\"https:\/\/www.artcast4d.eu\/\" target=\"_blank\" rel=\"noreferrer noopener\">ArtCast4D<\/a><\/strong>), <strong>AAASeed <\/strong>vise \u00e0 am\u00e9liorer la fa\u00e7on dont nous interagissons avec les environnements num\u00e9riques. Notre technologie permet aux artistes, aux d\u00e9veloppeurs et aux entreprises de s'immerger dans le monde des graphiques et exp\u00e9riences 3D en temps r\u00e9el.<\/p>\n\n<p><strong>AAASeed <\/strong>se concentre d\u00e9sormais sur trois applications principales :<\/p>\n\n<ol class=\"wp-block-list\">\n<li>VJing - Cr\u00e9ez des visuels captivants qui boostent les performances en direct.<\/li>\n\n<li>Visualisations de produits de donn\u00e9es - Communiquez des donn\u00e9es complexes \u00e0 travers des visuels clairs et attrayants.<\/li>\n\n<li>Installations num\u00e9riques immersives - Exp\u00e9rimentez la fusion de l'art et de la technologie dans des environnements interactifs.<\/li>\n<\/ol>\n\n<p>Parcourez notre menu Cas d'utilisation pour voir comment <strong>AAASeed <\/strong>fait la diff\u00e9rence dans les sph\u00e8res cr\u00e9atives et professionnelles. Construisons ensemble l'avenir des exp\u00e9riences immersives.<\/p>\n\n<p>Welcome to <strong>AAASeed <\/strong>\u2013 where software serves humans.<\/p>\n\n<p>In the <strong><a href=\"https:\/\/aaaseed.org\/fr\/files\/\">FILES section<\/a><\/strong> you will find documentation and downloads.<\/p>\n<p>AAASeed is published under the <strong><a href=\"https:\/\/gitlab.com\/aaa_foundation\/aaaseed\/-\/blob\/main\/LICENSE?ref_type=heads\">MIT License: <\/a><\/strong>you can find all the <strong>source code<\/strong> on GitLab @ <strong><a href=\"https:\/\/gitlab.com\/aaa_foundation\" target=\"_blank\" rel=\"noreferrer noopener\">AAA_Foundation<\/a><\/strong><br \/><\/p>\t\t\t\t\t\t\t\t<\/div>\n\t\t\t\t<\/div>\n\t\t\t\t\t<\/div>\n\t\t<\/div>\n\t\t\t\t\t<\/div>\n\t\t<\/section>\n\t\t\t\t<section class=\"elementor-section elementor-top-section elementor-element elementor-element-11f494f elementor-section-boxed elementor-section-height-default elementor-section-height-default\" data-id=\"11f494f\" data-element_type=\"section\">\n\t\t\t\t\t\t<div class=\"elementor-container elementor-column-gap-default\">\n\t\t\t\t\t<div class=\"elementor-column elementor-col-100 elementor-top-column elementor-element elementor-element-5df4f6c\" data-id=\"5df4f6c\" data-element_type=\"column\">\n\t\t\t<div class=\"elementor-widget-wrap\">\n\t\t\t\t\t\t\t<\/div>\n\t\t<\/div>\n\t\t\t\t\t<\/div>\n\t\t<\/section>\n\t\t\t\t<\/div>","protected":false},"excerpt":{"rendered":"<p>Welcome to the AAASeed software: a real-time virtual construction set Discover AAASeed, a versatile 2D \/ 3D real-time engine developed and used by M\u00e2a (Emmanuel M\u00e2a Berriet) since the last century. Our open-source project is designed to accommodate installations of various complexity and sizes. Supported by European funding to go Open Source (ArtCast4D), AAASeed aims &hellip; <a href=\"https:\/\/aaaseed.org\/fr\/\" class=\"more-link\">Continuer la lecture de <span class=\"screen-reader-text\">AAASeed<\/span>  <span class=\"meta-nav\">&rarr;<\/span><\/a><\/p>","protected":false},"author":1,"featured_media":0,"parent":0,"menu_order":0,"comment_status":"closed","ping_status":"open","template":"","meta":{"footnotes":""},"class_list":["post-2","page","type-page","status-publish","hentry"],"yoast_head":"<!-- This site is optimized with the Yoast SEO plugin v25.9 - https:\/\/yoast.com\/wordpress\/plugins\/seo\/ -->\n<title>AAASeed - AAASeed<\/title>\n<meta name=\"robots\" content=\"index, follow, max-snippet:-1, max-image-preview:large, max-video-preview:-1\" \/>\n<link rel=\"canonical\" href=\"https:\/\/aaaseed.org\/fr\/\" \/>\n<meta property=\"og:locale\" content=\"fr_FR\" \/>\n<meta property=\"og:type\" content=\"article\" \/>\n<meta property=\"og:title\" content=\"AAASeed - AAASeed\" \/>\n<meta property=\"og:description\" content=\"Welcome to the AAASeed software: a real-time virtual construction set Discover AAASeed, a versatile 2D \/ 3D real-time engine developed and used by M\u00e2a (Emmanuel M\u00e2a Berriet) since the last century. Our open-source project is designed to accommodate installations of various complexity and sizes. Supported by European funding to go Open Source (ArtCast4D), AAASeed aims &hellip; Continuer la lecture de AAASeed &rarr;\" \/>\n<meta property=\"og:url\" content=\"https:\/\/aaaseed.org\/fr\/\" \/>\n<meta property=\"og:site_name\" content=\"AAASeed\" \/>\n<meta property=\"article:modified_time\" content=\"2026-01-17T16:56:04+00:00\" \/>\n<meta name=\"twitter:card\" content=\"summary_large_image\" \/>\n<meta name=\"twitter:label1\" content=\"Dur\u00e9e de lecture estim\u00e9e\" \/>\n\t<meta name=\"twitter:data1\" content=\"1 minute\" \/>\n<script type=\"application\/ld+json\" class=\"yoast-schema-graph\">{\"@context\":\"https:\/\/schema.org\",\"@graph\":[{\"@type\":\"WebPage\",\"@id\":\"https:\/\/aaaseed.org\/\",\"url\":\"https:\/\/aaaseed.org\/\",\"name\":\"AAASeed - AAASeed\",\"isPartOf\":{\"@id\":\"https:\/\/aaaseed.org\/fr\/#website\"},\"datePublished\":\"2014-10-06T20:27:40+00:00\",\"dateModified\":\"2026-01-17T16:56:04+00:00\",\"breadcrumb\":{\"@id\":\"https:\/\/aaaseed.org\/#breadcrumb\"},\"inLanguage\":\"fr-FR\",\"potentialAction\":[{\"@type\":\"ReadAction\",\"target\":[\"https:\/\/aaaseed.org\/\"]}]},{\"@type\":\"BreadcrumbList\",\"@id\":\"https:\/\/aaaseed.org\/#breadcrumb\",\"itemListElement\":[{\"@type\":\"ListItem\",\"position\":1,\"name\":\"Home\",\"item\":\"https:\/\/aaaseed.org\/\"},{\"@type\":\"ListItem\",\"position\":2,\"name\":\"AAASeed\"}]},{\"@type\":\"WebSite\",\"@id\":\"https:\/\/aaaseed.org\/fr\/#website\",\"url\":\"https:\/\/aaaseed.org\/fr\/\",\"name\":\"AAASeed\",\"description\":\"\",\"publisher\":{\"@id\":\"https:\/\/aaaseed.org\/fr\/#organization\"},\"potentialAction\":[{\"@type\":\"SearchAction\",\"target\":{\"@type\":\"EntryPoint\",\"urlTemplate\":\"https:\/\/aaaseed.org\/fr\/?s={search_term_string}\"},\"query-input\":{\"@type\":\"PropertyValueSpecification\",\"valueRequired\":true,\"valueName\":\"search_term_string\"}}],\"inLanguage\":\"fr-FR\"},{\"@type\":\"Organization\",\"@id\":\"https:\/\/aaaseed.org\/fr\/#organization\",\"name\":\"AAASeed\",\"url\":\"https:\/\/aaaseed.org\/fr\/\",\"logo\":{\"@type\":\"ImageObject\",\"inLanguage\":\"fr-FR\",\"@id\":\"https:\/\/aaaseed.org\/fr\/#\/schema\/logo\/image\/\",\"url\":\"https:\/\/aaaseed.org\/wp-content\/uploads\/2014\/10\/Logo.png\",\"contentUrl\":\"https:\/\/aaaseed.org\/wp-content\/uploads\/2014\/10\/Logo.png\",\"width\":480,\"height\":480,\"caption\":\"AAASeed\"},\"image\":{\"@id\":\"https:\/\/aaaseed.org\/fr\/#\/schema\/logo\/image\/\"}}]}<\/script>\n<!-- \/ Yoast SEO plugin. -->","yoast_head_json":{"title":"AAASeed - AAASeed","robots":{"index":"index","follow":"follow","max-snippet":"max-snippet:-1","max-image-preview":"max-image-preview:large","max-video-preview":"max-video-preview:-1"},"canonical":"https:\/\/aaaseed.org\/fr\/","og_locale":"fr_FR","og_type":"article","og_title":"AAASeed - AAASeed","og_description":"Welcome to the AAASeed software: a real-time virtual construction set Discover AAASeed, a versatile 2D \/ 3D real-time engine developed and used by M\u00e2a (Emmanuel M\u00e2a Berriet) since the last century. Our open-source project is designed to accommodate installations of various complexity and sizes. Supported by European funding to go Open Source (ArtCast4D), AAASeed aims &hellip; Continuer la lecture de AAASeed &rarr;","og_url":"https:\/\/aaaseed.org\/fr\/","og_site_name":"AAASeed","article_modified_time":"2026-01-17T16:56:04+00:00","twitter_card":"summary_large_image","twitter_misc":{"Dur\u00e9e de lecture estim\u00e9e":"1 minute"},"schema":{"@context":"https:\/\/schema.org","@graph":[{"@type":"WebPage","@id":"https:\/\/aaaseed.org\/","url":"https:\/\/aaaseed.org\/","name":"AAASeed - AAASeed","isPartOf":{"@id":"https:\/\/aaaseed.org\/fr\/#website"},"datePublished":"2014-10-06T20:27:40+00:00","dateModified":"2026-01-17T16:56:04+00:00","breadcrumb":{"@id":"https:\/\/aaaseed.org\/#breadcrumb"},"inLanguage":"fr-FR","potentialAction":[{"@type":"ReadAction","target":["https:\/\/aaaseed.org\/"]}]},{"@type":"BreadcrumbList","@id":"https:\/\/aaaseed.org\/#breadcrumb","itemListElement":[{"@type":"ListItem","position":1,"name":"Home","item":"https:\/\/aaaseed.org\/"},{"@type":"ListItem","position":2,"name":"AAASeed"}]},{"@type":"WebSite","@id":"https:\/\/aaaseed.org\/fr\/#website","url":"https:\/\/aaaseed.org\/fr\/","name":"AAASeed","description":"","publisher":{"@id":"https:\/\/aaaseed.org\/fr\/#organization"},"potentialAction":[{"@type":"SearchAction","target":{"@type":"EntryPoint","urlTemplate":"https:\/\/aaaseed.org\/fr\/?s={search_term_string}"},"query-input":{"@type":"PropertyValueSpecification","valueRequired":true,"valueName":"search_term_string"}}],"inLanguage":"fr-FR"},{"@type":"Organization","@id":"https:\/\/aaaseed.org\/fr\/#organization","name":"AAASeed","url":"https:\/\/aaaseed.org\/fr\/","logo":{"@type":"ImageObject","inLanguage":"fr-FR","@id":"https:\/\/aaaseed.org\/fr\/#\/schema\/logo\/image\/","url":"https:\/\/aaaseed.org\/wp-content\/uploads\/2014\/10\/Logo.png","contentUrl":"https:\/\/aaaseed.org\/wp-content\/uploads\/2014\/10\/Logo.png","width":480,"height":480,"caption":"AAASeed"},"image":{"@id":"https:\/\/aaaseed.org\/fr\/#\/schema\/logo\/image\/"}}]}},"_links":{"self":[{"href":"https:\/\/aaaseed.org\/fr\/wp-json\/wp\/v2\/pages\/2","targetHints":{"allow":["GET"]}}],"collection":[{"href":"https:\/\/aaaseed.org\/fr\/wp-json\/wp\/v2\/pages"}],"about":[{"href":"https:\/\/aaaseed.org\/fr\/wp-json\/wp\/v2\/types\/page"}],"author":[{"embeddable":true,"href":"https:\/\/aaaseed.org\/fr\/wp-json\/wp\/v2\/users\/1"}],"replies":[{"embeddable":true,"href":"https:\/\/aaaseed.org\/fr\/wp-json\/wp\/v2\/comments?post=2"}],"version-history":[{"count":189,"href":"https:\/\/aaaseed.org\/fr\/wp-json\/wp\/v2\/pages\/2\/revisions"}],"predecessor-version":[{"id":1260,"href":"https:\/\/aaaseed.org\/fr\/wp-json\/wp\/v2\/pages\/2\/revisions\/1260"}],"wp:attachment":[{"href":"https:\/\/aaaseed.org\/fr\/wp-json\/wp\/v2\/media?parent=2"}],"curies":[{"name":"wp","href":"https:\/\/api.w.org\/{rel}","templated":true}]}}